{"id":16,"date":"2024-03-26T14:18:55","date_gmt":"2024-03-26T14:18:55","guid":{"rendered":"https:\/\/trachtenverein-agatharied.de\/?page_id=16"},"modified":"2025-12-01T22:05:32","modified_gmt":"2025-12-01T21:05:32","slug":"startseite","status":"publish","type":"page","link":"https:\/\/trachtenverein-agatharied.de\/","title":{"rendered":"&#8222;Dahoam&#8220;"},"content":{"rendered":"\n<h2 class=\"wp-block-heading has-text-align-center\"><strong>A herzlich\u00b4s Gria\u00df Gott auf da Internetseit\u00b4n<\/strong><\/h2>\n\n\n\n<h2 class=\"wp-block-heading has-text-align-center\"><strong>des Trachtenverein Agatharied !<\/strong><\/h2>\n\n\n\n<hr class=\"wp-block-separator has-alpha-channel-opacity\"\/>\n\n\n<div class=\"wp-block-image is-style-default wp-duotone-unset-1\">\n<figure class=\"aligncenter size-large\"><img loading=\"lazy\" decoding=\"async\" width=\"1024\" height=\"683\" src=\"http:\/\/trachtenverein-agatharied.de\/wp-content\/uploads\/2024\/03\/TV_Agatharied_20x30WEB-1024x683.jpg\" alt=\"\" class=\"wp-image-143\" srcset=\"https:\/\/trachtenverein-agatharied.de\/wp-content\/uploads\/2024\/03\/TV_Agatharied_20x30WEB-1024x683.jpg 1024w, https:\/\/trachtenverein-agatharied.de\/wp-content\/uploads\/2024\/03\/TV_Agatharied_20x30WEB-300x200.jpg 300w, https:\/\/trachtenverein-agatharied.de\/wp-content\/uploads\/2024\/03\/TV_Agatharied_20x30WEB-768x512.jpg 768w, https:\/\/trachtenverein-agatharied.de\/wp-content\/uploads\/2024\/03\/TV_Agatharied_20x30WEB-1536x1024.jpg 1536w, https:\/\/trachtenverein-agatharied.de\/wp-content\/uploads\/2024\/03\/TV_Agatharied_20x30WEB-2048x1365.jpg 2048w\" sizes=\"auto, (max-width: 706px) 89vw, (max-width: 767px) 82vw, 740px\" \/><figcaption class=\"wp-element-caption\"><strong>Gruppenbild Trachtenverein Agatharied 2023<br>Am Gaufest in Elbach<\/strong><\/figcaption><\/figure>\n<\/div>\n\n\n<hr class=\"wp-block-separator has-alpha-channel-opacity\"\/>\n\n\n\n<p>Hier find\u00b4s es unsere aktuellen Termine, Ois wos bei uns \u00fcber\u00b4s Jahr so los is,<\/p>\n\n\n\n<p>sowie nat\u00fcrlich a die Geschichte des Trachtenverein\u00b4s &amp; eine Kleiderordnungs-\u00dcbersicht f\u00fcr die verschiedenen Anl\u00e4sse.<\/p>\n\n\n\n<p>Im Jahr 2024 gibt\u00b4s selbstverst\u00e4ndlich a Infos \u00fcber unser 100-J\u00e4hriges bestehen.<\/p>\n\n\n\n<p>schaut\u00b4s Eich eiso gern bei uns um ! <\/p>\n\n\n\n<hr class=\"wp-block-separator has-alpha-channel-opacity\"\/>\n\n\n\n<figure class=\"wp-block-image size-large\"><img loading=\"lazy\" decoding=\"async\" width=\"768\" height=\"1024\" src=\"https:\/\/trachtenverein-agatharied.de\/wp-content\/uploads\/2024\/03\/184-Plattler-2.1-28-768x1024.jpg\" alt=\"\" class=\"wp-image-127\" srcset=\"https:\/\/trachtenverein-agatharied.de\/wp-content\/uploads\/2024\/03\/184-Plattler-2.1-28-768x1024.jpg 768w, https:\/\/trachtenverein-agatharied.de\/wp-content\/uploads\/2024\/03\/184-Plattler-2.1-28-225x300.jpg 225w, https:\/\/trachtenverein-agatharied.de\/wp-content\/uploads\/2024\/03\/184-Plattler-2.1-28-1152x1536.jpg 1152w, https:\/\/trachtenverein-agatharied.de\/wp-content\/uploads\/2024\/03\/184-Plattler-2.1-28.jpg 1200w\" sizes=\"auto, (max-width: 706px) 89vw, (max-width: 767px) 82vw, 740px\" \/><\/figure>\n\n\n\n<hr class=\"wp-block-separator has-alpha-channel-opacity\"\/>\n\n\n\n<h2 class=\"wp-block-heading has-text-align-center\"><strong><em>100 Jahre Trachtenverein Agatharied &amp;                                                                 120 Jahre Blaskapelle Agatharied                                                                              des ghead gfeiert !<\/em><\/strong><\/h2>\n\n\n\n<h2 class=\"wp-block-heading has-text-align-center\"><strong>Trachten- &amp; Musifest Agatharied  \/   12.09. bis 16.09.2024<\/strong><\/h2>\n\n\n\n<hr class=\"wp-block-separator has-alpha-channel-opacity\"\/>\n\n\n<ul class=\"wp-block-page-list\"><li class=\"wp-block-pages-list__item menu-item-home\"><a class=\"wp-block-pages-list__item__link\" href=\"https:\/\/trachtenverein-agatharied.de\/\">&#8222;Dahoam&#8220;<\/a><\/li><li class=\"wp-block-pages-list__item\"><a class=\"wp-block-pages-list__item__link\" href=\"https:\/\/trachtenverein-agatharied.de\/index.php\/100-jaehriges-gruendungsfest-trachtenverein-agatharied\/\">100-J\u00e4hriges Gr\u00fcndungsfest<\/a><\/li><li class=\"wp-block-pages-list__item\"><a class=\"wp-block-pages-list__item__link\" href=\"https:\/\/trachtenverein-agatharied.de\/index.php\/aktuelles\/\">Aktuelles<\/a><\/li><li class=\"wp-block-pages-list__item\"><a class=\"wp-block-pages-list__item__link\" href=\"https:\/\/trachtenverein-agatharied.de\/index.php\/aktuelles-2\/\">Aktuelles<\/a><\/li><li class=\"wp-block-pages-list__item\"><a class=\"wp-block-pages-list__item__link\" href=\"https:\/\/trachtenverein-agatharied.de\/index.php\/archiv-der-termine\/\">Archiv der Termine<\/a><\/li><li class=\"wp-block-pages-list__item\"><a class=\"wp-block-pages-list__item__link\" href=\"https:\/\/trachtenverein-agatharied.de\/index.php\/blog\/\">Blog<\/a><\/li><li class=\"wp-block-pages-list__item\"><a class=\"wp-block-pages-list__item__link\" href=\"https:\/\/trachtenverein-agatharied.de\/index.php\/ein-homepage-abschnitt\/\">Ein Homepage-Abschnitt<\/a><\/li><li class=\"wp-block-pages-list__item\"><a class=\"wp-block-pages-list__item__link\" href=\"https:\/\/trachtenverein-agatharied.de\/index.php\/geschichte\/\">Geschichte<\/a><\/li><li class=\"wp-block-pages-list__item\"><a class=\"wp-block-pages-list__item__link\" href=\"https:\/\/trachtenverein-agatharied.de\/index.php\/impressum\/\">Impressum<\/a><\/li><li class=\"wp-block-pages-list__item\"><a class=\"wp-block-pages-list__item__link\" href=\"https:\/\/trachtenverein-agatharied.de\/index.php\/info\/\">INFO<\/a><\/li><li class=\"wp-block-pages-list__item\"><a class=\"wp-block-pages-list__item__link\" href=\"https:\/\/trachtenverein-agatharied.de\/index.php\/kontakt\/\">Kontakt<\/a><\/li><li class=\"wp-block-pages-list__item\"><a class=\"wp-block-pages-list__item__link\" href=\"https:\/\/trachtenverein-agatharied.de\/index.php\/plattlergruppn\/\">Plattlergrupp\u00b4n<\/a><\/li><li class=\"wp-block-pages-list__item\"><a class=\"wp-block-pages-list__item__link\" href=\"https:\/\/trachtenverein-agatharied.de\/index.php\/sample-page\/\">Sample Page<\/a><\/li><li class=\"wp-block-pages-list__item\"><a class=\"wp-block-pages-list__item__link\" href=\"https:\/\/trachtenverein-agatharied.de\/index.php\/termine-2024\/\">Termine 2024<\/a><\/li><li class=\"wp-block-pages-list__item\"><a class=\"wp-block-pages-list__item__link\" href=\"https:\/\/trachtenverein-agatharied.de\/index.php\/test\/\">Test<\/a><\/li><li class=\"wp-block-pages-list__item\"><a class=\"wp-block-pages-list__item__link\" href=\"https:\/\/trachtenverein-agatharied.de\/index.php\/tracht\/\">Tracht<\/a><\/li><li class=\"wp-block-pages-list__item\"><a class=\"wp-block-pages-list__item__link\" href=\"https:\/\/trachtenverein-agatharied.de\/index.php\/ueber-uns\/\">\u00dcber uns<\/a><\/li><\/ul>\n\n\n<p><\/p>\n","protected":false},"excerpt":{"rendered":"<p>A herzlich\u00b4s Gria\u00df Gott auf da Internetseit\u00b4n des Trachtenverein Agatharied ! Hier find\u00b4s es unsere aktuellen Termine, Ois wos bei uns \u00fcber\u00b4s Jahr so los is, sowie nat\u00fcrlich a die Geschichte des Trachtenverein\u00b4s &amp; eine Kleiderordnungs-\u00dcbersicht f\u00fcr die verschiedenen Anl\u00e4sse. Im Jahr 2024 gibt\u00b4s selbstverst\u00e4ndlich a Infos \u00fcber unser 100-J\u00e4hriges bestehen. schaut\u00b4s Eich eiso gern &hellip; <\/p>\n<p class=\"link-more\"><a href=\"https:\/\/trachtenverein-agatharied.de\/\" class=\"more-link\"><span class=\"screen-reader-text\">\u201e&#8222;Dahoam&#8220;\u201c <\/span>weiterlesen<\/a><\/p>\n","protected":false},"author":2,"featured_media":0,"parent":0,"menu_order":0,"comment_status":"closed","ping_status":"closed","template":"","meta":{"footnotes":""},"class_list":["post-16","page","type-page","status-publish","hentry"],"yoast_head":"<!-- This site is optimized with the Yoast SEO plugin v27.5 - https:\/\/yoast.com\/product\/yoast-seo-wordpress\/ -->\n<title>&quot;Dahoam&quot; - Trachtenverein Agatharied<\/title>\n<meta name=\"robots\" content=\"index, follow, max-snippet:-1, max-image-preview:large, max-video-preview:-1\" \/>\n<link rel=\"canonical\" href=\"https:\/\/trachtenverein-agatharied.de\/\" \/>\n<meta property=\"og:locale\" content=\"de_DE\" \/>\n<meta property=\"og:type\" content=\"article\" \/>\n<meta property=\"og:title\" content=\"&quot;Dahoam&quot; - Trachtenverein Agatharied\" \/>\n<meta property=\"og:description\" content=\"A herzlich\u00b4s Gria\u00df Gott auf da Internetseit\u00b4n des Trachtenverein Agatharied ! Hier find\u00b4s es unsere aktuellen Termine, Ois wos bei uns \u00fcber\u00b4s Jahr so los is, sowie nat\u00fcrlich a die Geschichte des Trachtenverein\u00b4s &amp; eine Kleiderordnungs-\u00dcbersicht f\u00fcr die verschiedenen Anl\u00e4sse. Im Jahr 2024 gibt\u00b4s selbstverst\u00e4ndlich a Infos \u00fcber unser 100-J\u00e4hriges bestehen. schaut\u00b4s Eich eiso gern &hellip; \u201e&#8222;Dahoam&#8220;\u201c weiterlesen\" \/>\n<meta property=\"og:url\" content=\"https:\/\/trachtenverein-agatharied.de\/\" \/>\n<meta property=\"og:site_name\" content=\"Trachtenverein Agatharied\" \/>\n<meta property=\"article:modified_time\" content=\"2025-12-01T21:05:32+00:00\" \/>\n<meta property=\"og:image\" content=\"https:\/\/trachtenverein-agatharied.de\/wp-content\/uploads\/2024\/03\/TV_Agatharied_20x30WEB-scaled.jpg\" \/>\n\t<meta property=\"og:image:width\" content=\"2560\" \/>\n\t<meta property=\"og:image:height\" content=\"1707\" \/>\n\t<meta property=\"og:image:type\" content=\"image\/jpeg\" \/>\n<meta name=\"twitter:card\" content=\"summary_large_image\" \/>\n<meta name=\"twitter:label1\" content=\"Gesch\u00e4tzte Lesezeit\" \/>\n\t<meta name=\"twitter:data1\" content=\"1\u00a0Minute\" \/>\n<script type=\"application\/ld+json\" class=\"yoast-schema-graph\">{\"@context\":\"https:\\\/\\\/schema.org\",\"@graph\":[{\"@type\":\"WebPage\",\"@id\":\"https:\\\/\\\/trachtenverein-agatharied.de\\\/\",\"url\":\"https:\\\/\\\/trachtenverein-agatharied.de\\\/\",\"name\":\"\\\"Dahoam\\\" - Trachtenverein Agatharied\",\"isPartOf\":{\"@id\":\"https:\\\/\\\/trachtenverein-agatharied.de\\\/#website\"},\"primaryImageOfPage\":{\"@id\":\"https:\\\/\\\/trachtenverein-agatharied.de\\\/#primaryimage\"},\"image\":{\"@id\":\"https:\\\/\\\/trachtenverein-agatharied.de\\\/#primaryimage\"},\"thumbnailUrl\":\"http:\\\/\\\/trachtenverein-agatharied.de\\\/wp-content\\\/uploads\\\/2024\\\/03\\\/TV_Agatharied_20x30WEB-1024x683.jpg\",\"datePublished\":\"2024-03-26T14:18:55+00:00\",\"dateModified\":\"2025-12-01T21:05:32+00:00\",\"breadcrumb\":{\"@id\":\"https:\\\/\\\/trachtenverein-agatharied.de\\\/#breadcrumb\"},\"inLanguage\":\"de\",\"potentialAction\":[{\"@type\":\"ReadAction\",\"target\":[\"https:\\\/\\\/trachtenverein-agatharied.de\\\/\"]}]},{\"@type\":\"ImageObject\",\"inLanguage\":\"de\",\"@id\":\"https:\\\/\\\/trachtenverein-agatharied.de\\\/#primaryimage\",\"url\":\"https:\\\/\\\/trachtenverein-agatharied.de\\\/wp-content\\\/uploads\\\/2024\\\/03\\\/TV_Agatharied_20x30WEB-scaled.jpg\",\"contentUrl\":\"https:\\\/\\\/trachtenverein-agatharied.de\\\/wp-content\\\/uploads\\\/2024\\\/03\\\/TV_Agatharied_20x30WEB-scaled.jpg\",\"width\":2560,\"height\":1707,\"caption\":\"Gruppenbild Trachtenverein Agatharied 2023 Am Gaufest in Elbach\"},{\"@type\":\"BreadcrumbList\",\"@id\":\"https:\\\/\\\/trachtenverein-agatharied.de\\\/#breadcrumb\",\"itemListElement\":[{\"@type\":\"ListItem\",\"position\":1,\"name\":\"Startseite\",\"item\":\"https:\\\/\\\/trachtenverein-agatharied.de\\\/\"},{\"@type\":\"ListItem\",\"position\":2,\"name\":\"&#8222;Dahoam&#8220;\"}]},{\"@type\":\"WebSite\",\"@id\":\"https:\\\/\\\/trachtenverein-agatharied.de\\\/#website\",\"url\":\"https:\\\/\\\/trachtenverein-agatharied.de\\\/\",\"name\":\"Trachtenverein Agatharied\",\"description\":\"Heimat- und Volkstrachten Erhaltungsverein Agatharied e.V.\",\"publisher\":{\"@id\":\"https:\\\/\\\/trachtenverein-agatharied.de\\\/#organization\"},\"potentialAction\":[{\"@type\":\"SearchAction\",\"target\":{\"@type\":\"EntryPoint\",\"urlTemplate\":\"https:\\\/\\\/trachtenverein-agatharied.de\\\/?s={search_term_string}\"},\"query-input\":{\"@type\":\"PropertyValueSpecification\",\"valueRequired\":true,\"valueName\":\"search_term_string\"}}],\"inLanguage\":\"de\"},{\"@type\":\"Organization\",\"@id\":\"https:\\\/\\\/trachtenverein-agatharied.de\\\/#organization\",\"name\":\"Trachtenverein Agatharied\",\"url\":\"https:\\\/\\\/trachtenverein-agatharied.de\\\/\",\"logo\":{\"@type\":\"ImageObject\",\"inLanguage\":\"de\",\"@id\":\"https:\\\/\\\/trachtenverein-agatharied.de\\\/#\\\/schema\\\/logo\\\/image\\\/\",\"url\":\"https:\\\/\\\/trachtenverein-agatharied.de\\\/wp-content\\\/uploads\\\/2024\\\/03\\\/cropped-TV_Agatharied_20x30WEB-scaled-2.jpg\",\"contentUrl\":\"https:\\\/\\\/trachtenverein-agatharied.de\\\/wp-content\\\/uploads\\\/2024\\\/03\\\/cropped-TV_Agatharied_20x30WEB-scaled-2.jpg\",\"width\":375,\"height\":250,\"caption\":\"Trachtenverein Agatharied\"},\"image\":{\"@id\":\"https:\\\/\\\/trachtenverein-agatharied.de\\\/#\\\/schema\\\/logo\\\/image\\\/\"}}]}<\/script>\n<!-- \/ Yoast SEO plugin. -->","yoast_head_json":{"title":"\"Dahoam\" - Trachtenverein Agatharied","robots":{"index":"index","follow":"follow","max-snippet":"max-snippet:-1","max-image-preview":"max-image-preview:large","max-video-preview":"max-video-preview:-1"},"canonical":"https:\/\/trachtenverein-agatharied.de\/","og_locale":"de_DE","og_type":"article","og_title":"\"Dahoam\" - Trachtenverein Agatharied","og_description":"A herzlich\u00b4s Gria\u00df Gott auf da Internetseit\u00b4n des Trachtenverein Agatharied ! Hier find\u00b4s es unsere aktuellen Termine, Ois wos bei uns \u00fcber\u00b4s Jahr so los is, sowie nat\u00fcrlich a die Geschichte des Trachtenverein\u00b4s &amp; eine Kleiderordnungs-\u00dcbersicht f\u00fcr die verschiedenen Anl\u00e4sse. Im Jahr 2024 gibt\u00b4s selbstverst\u00e4ndlich a Infos \u00fcber unser 100-J\u00e4hriges bestehen. schaut\u00b4s Eich eiso gern &hellip; \u201e&#8222;Dahoam&#8220;\u201c weiterlesen","og_url":"https:\/\/trachtenverein-agatharied.de\/","og_site_name":"Trachtenverein Agatharied","article_modified_time":"2025-12-01T21:05:32+00:00","og_image":[{"width":2560,"height":1707,"url":"https:\/\/trachtenverein-agatharied.de\/wp-content\/uploads\/2024\/03\/TV_Agatharied_20x30WEB-scaled.jpg","type":"image\/jpeg"}],"twitter_card":"summary_large_image","twitter_misc":{"Gesch\u00e4tzte Lesezeit":"1\u00a0Minute"},"schema":{"@context":"https:\/\/schema.org","@graph":[{"@type":"WebPage","@id":"https:\/\/trachtenverein-agatharied.de\/","url":"https:\/\/trachtenverein-agatharied.de\/","name":"\"Dahoam\" - Trachtenverein Agatharied","isPartOf":{"@id":"https:\/\/trachtenverein-agatharied.de\/#website"},"primaryImageOfPage":{"@id":"https:\/\/trachtenverein-agatharied.de\/#primaryimage"},"image":{"@id":"https:\/\/trachtenverein-agatharied.de\/#primaryimage"},"thumbnailUrl":"http:\/\/trachtenverein-agatharied.de\/wp-content\/uploads\/2024\/03\/TV_Agatharied_20x30WEB-1024x683.jpg","datePublished":"2024-03-26T14:18:55+00:00","dateModified":"2025-12-01T21:05:32+00:00","breadcrumb":{"@id":"https:\/\/trachtenverein-agatharied.de\/#breadcrumb"},"inLanguage":"de","potentialAction":[{"@type":"ReadAction","target":["https:\/\/trachtenverein-agatharied.de\/"]}]},{"@type":"ImageObject","inLanguage":"de","@id":"https:\/\/trachtenverein-agatharied.de\/#primaryimage","url":"https:\/\/trachtenverein-agatharied.de\/wp-content\/uploads\/2024\/03\/TV_Agatharied_20x30WEB-scaled.jpg","contentUrl":"https:\/\/trachtenverein-agatharied.de\/wp-content\/uploads\/2024\/03\/TV_Agatharied_20x30WEB-scaled.jpg","width":2560,"height":1707,"caption":"Gruppenbild Trachtenverein Agatharied 2023 Am Gaufest in Elbach"},{"@type":"BreadcrumbList","@id":"https:\/\/trachtenverein-agatharied.de\/#breadcrumb","itemListElement":[{"@type":"ListItem","position":1,"name":"Startseite","item":"https:\/\/trachtenverein-agatharied.de\/"},{"@type":"ListItem","position":2,"name":"&#8222;Dahoam&#8220;"}]},{"@type":"WebSite","@id":"https:\/\/trachtenverein-agatharied.de\/#website","url":"https:\/\/trachtenverein-agatharied.de\/","name":"Trachtenverein Agatharied","description":"Heimat- und Volkstrachten Erhaltungsverein Agatharied e.V.","publisher":{"@id":"https:\/\/trachtenverein-agatharied.de\/#organization"},"potentialAction":[{"@type":"SearchAction","target":{"@type":"EntryPoint","urlTemplate":"https:\/\/trachtenverein-agatharied.de\/?s={search_term_string}"},"query-input":{"@type":"PropertyValueSpecification","valueRequired":true,"valueName":"search_term_string"}}],"inLanguage":"de"},{"@type":"Organization","@id":"https:\/\/trachtenverein-agatharied.de\/#organization","name":"Trachtenverein Agatharied","url":"https:\/\/trachtenverein-agatharied.de\/","logo":{"@type":"ImageObject","inLanguage":"de","@id":"https:\/\/trachtenverein-agatharied.de\/#\/schema\/logo\/image\/","url":"https:\/\/trachtenverein-agatharied.de\/wp-content\/uploads\/2024\/03\/cropped-TV_Agatharied_20x30WEB-scaled-2.jpg","contentUrl":"https:\/\/trachtenverein-agatharied.de\/wp-content\/uploads\/2024\/03\/cropped-TV_Agatharied_20x30WEB-scaled-2.jpg","width":375,"height":250,"caption":"Trachtenverein Agatharied"},"image":{"@id":"https:\/\/trachtenverein-agatharied.de\/#\/schema\/logo\/image\/"}}]}},"_links":{"self":[{"href":"https:\/\/trachtenverein-agatharied.de\/index.php\/wp-json\/wp\/v2\/pages\/16","targetHints":{"allow":["GET"]}}],"collection":[{"href":"https:\/\/trachtenverein-agatharied.de\/index.php\/wp-json\/wp\/v2\/pages"}],"about":[{"href":"https:\/\/trachtenverein-agatharied.de\/index.php\/wp-json\/wp\/v2\/types\/page"}],"author":[{"embeddable":true,"href":"https:\/\/trachtenverein-agatharied.de\/index.php\/wp-json\/wp\/v2\/users\/2"}],"replies":[{"embeddable":true,"href":"https:\/\/trachtenverein-agatharied.de\/index.php\/wp-json\/wp\/v2\/comments?post=16"}],"version-history":[{"count":2,"href":"https:\/\/trachtenverein-agatharied.de\/index.php\/wp-json\/wp\/v2\/pages\/16\/revisions"}],"predecessor-version":[{"id":358,"href":"https:\/\/trachtenverein-agatharied.de\/index.php\/wp-json\/wp\/v2\/pages\/16\/revisions\/358"}],"wp:attachment":[{"href":"https:\/\/trachtenverein-agatharied.de\/index.php\/wp-json\/wp\/v2\/media?parent=16"}],"curies":[{"name":"wp","href":"https:\/\/api.w.org\/{rel}","templated":true}]}}